{"id":11,"date":"2021-03-17T11:15:08","date_gmt":"2021-03-17T11:15:08","guid":{"rendered":"https:\/\/elektro-furlani.de\/?page_id=11"},"modified":"2022-03-06T16:20:21","modified_gmt":"2022-03-06T16:20:21","slug":"impressum","status":"publish","type":"page","link":"https:\/\/elektro-furlani.de\/index.php\/impressum\/","title":{"rendered":"IMPRESSUM"},"content":{"rendered":"<p>[et_pb_section fb_built=&#8220;1&#8243; _builder_version=&#8220;4.9.2&#8243; _module_preset=&#8220;default&#8220; custom_padding=&#8220;7px||15px|||&#8220; global_colors_info=&#8220;{}&#8220;][et_pb_row _builder_version=&#8220;4.9.2&#8243; _module_preset=&#8220;default&#8220; custom_padding=&#8220;||12px|||&#8220; global_colors_info=&#8220;{}&#8220;][et_pb_column type=&#8220;4_4&#8243; _builder_version=&#8220;4.9.2&#8243; _module_preset=&#8220;default&#8220; global_colors_info=&#8220;{}&#8220;][et_pb_text _builder_version=&#8220;4.9.2&#8243; _module_preset=&#8220;default&#8220; header_2_font=&#8220;|700|||||||&#8220; global_colors_info=&#8220;{}&#8220;]<\/p>\n<h2>IMPRESSUM<\/h2>\n<p>[\/et_pb_text][et_pb_button button_url=&#8220;https:\/\/elektro-furlani.de\/&#8220; button_text=&#8220;Zur\u00fcck zur Startseite&#8220; _builder_version=&#8220;4.9.4&#8243; _module_preset=&#8220;501c8bae-ea32-46c1-bc69-78ed57c27a0a&#8220; global_colors_info=&#8220;{}&#8220;][\/et_pb_button][\/et_pb_column][\/et_pb_row][\/et_pb_section][et_pb_section fb_built=&#8220;1&#8243; _builder_version=&#8220;4.9.2&#8243; _module_preset=&#8220;default&#8220; custom_padding=&#8220;7px||6px|||&#8220; global_colors_info=&#8220;{}&#8220;][et_pb_row _builder_version=&#8220;4.9.2&#8243; _module_preset=&#8220;default&#8220; global_colors_info=&#8220;{}&#8220;][et_pb_column type=&#8220;4_4&#8243; _builder_version=&#8220;4.9.2&#8243; _module_preset=&#8220;default&#8220; global_colors_info=&#8220;{}&#8220;][et_pb_text _builder_version=&#8220;4.9.2&#8243; _module_preset=&#8220;default&#8220; global_colors_info=&#8220;{}&#8220;]<\/p>\n<h4 class=\"H3_28_Bebas\" id=\"u2364843-6\"><span style=\"color: #505050;\"><strong>Angaben gem\u00e4\u00df \u00a7 5 TMG:<\/strong><\/span><\/h4>\n<address>\n<p class=\"Text_16_Lato-Regular\"><span><strong>Elektro Furlani<\/strong><br \/>Inhaber: Bruno Furlani<br \/>Bahnhofstra\u00dfe 26, Rgb.<br \/>85386 Eching<\/span><\/p>\n<\/address>\n<p class=\"Text_16_Lato-Regular\"><span><strong>Kontakt:<br \/><\/strong><\/span>Telefon 089 &#8211; 370 013 10<br \/>E-Mail <a><u>info@elektro-furlani.de<\/u><\/a><\/p>\n<p class=\"Text_16_Lato-Regular\"><span class=\"BOLD\" id=\"u2364843-23\"><strong>Umsatzsteuer<\/strong>:<br \/><\/span><span>Umsatzsteuer-Identifikationsnummer<br \/><\/span><span>gem\u00e4\u00df \u00a727 a Umsatzsteuergesetz: DE208192703<\/span><\/p>\n<p class=\"Text_16_Lato-Regular\"><strong><span class=\"BOLD\" id=\"u2364843-41\">Verantwortlich f\u00fcr den Inhalt nach \u00a7 55 Abs. 2 RStV:<br \/><\/span><\/strong><span>Inhaber: Bruno Furlani<br \/>Bahnhofstra\u00dfe 26, Rgb.<br \/>85386 Eching<\/span><\/p>\n<p>[\/et_pb_text][\/et_pb_column][\/et_pb_row][\/et_pb_section][et_pb_section fb_built=&#8220;1&#8243; _builder_version=&#8220;4.9.2&#8243; _module_preset=&#8220;default&#8220; custom_padding=&#8220;10px||4px|||&#8220; global_colors_info=&#8220;{}&#8220;][et_pb_row _builder_version=&#8220;4.9.2&#8243; _module_preset=&#8220;default&#8220; custom_padding=&#8220;||13px|||&#8220; global_colors_info=&#8220;{}&#8220;][et_pb_column type=&#8220;4_4&#8243; _builder_version=&#8220;4.9.2&#8243; _module_preset=&#8220;default&#8220; global_colors_info=&#8220;{}&#8220;][et_pb_divider color=&#8220;#b2b2b2&#8243; _builder_version=&#8220;4.9.2&#8243; _module_preset=&#8220;default&#8220; global_colors_info=&#8220;{}&#8220;][\/et_pb_divider][\/et_pb_column][\/et_pb_row][\/et_pb_section][et_pb_section fb_built=&#8220;1&#8243; _builder_version=&#8220;4.9.2&#8243; _module_preset=&#8220;default&#8220; custom_padding=&#8220;17px||10px|||&#8220; global_colors_info=&#8220;{}&#8220;][et_pb_row _builder_version=&#8220;4.9.2&#8243; _module_preset=&#8220;default&#8220; global_colors_info=&#8220;{}&#8220;][et_pb_column type=&#8220;4_4&#8243; _builder_version=&#8220;4.9.2&#8243; _module_preset=&#8220;default&#8220; global_colors_info=&#8220;{}&#8220;][et_pb_text _builder_version=&#8220;4.9.2&#8243; _module_preset=&#8220;default&#8220; global_colors_info=&#8220;{}&#8220;]<\/p>\n<h2><strong>Disclaimer<\/strong><\/h2>\n<p><span>Fa. Elektro Furlani aktualisiert und pr\u00fcft die Informationen (Bilder, Texte) auf ihren Webseiten st\u00e4ndig. Eine Haftung oder Garantie f\u00fcr die Richtigkeit, Aktualit\u00e4t und Vollst\u00e4ndigkeit der Informationen auf den Elektro Furlani-Internet-Seiten kann nicht \u00fcbernommen werden. Gleiches gilt auch f\u00fcr alle anderen Websites, auf die mittels Hyperlink verwiesen wird. Fa. Elektro Furlani ist f\u00fcr den Inhalt der Websites, die aufgrund einer solchen Verbindung erreicht werden, nicht verantwortlich. Des weiteren beh\u00e4lt sich Fa. Elektro Furlani das Recht vor, Erg\u00e4nzungen oder \u00c4nderungen der bereitgestellten Informationen ohne vorherige Ank\u00fcndigung vorzunehmen. Inhalt und Struktur der Websites sind urheberrechtlich gesch\u00fctzt. Die Vervielf\u00e4ltigung von Informationen oder Daten, insbesondere die Verwendung von Bildmaterial, Texten oder Textteilen bedarf der vorherigen Zustimmung der Fa. Elektro Furlani. Die in dieser Pr\u00e4sentation genannten Firmen- und Produktnamen sowie ggf. verwendete Logos sind i.d.R. eingetragene Warenzeichen der jeweiligen Unternehmen.<\/span><\/p>\n<p>[\/et_pb_text][\/et_pb_column][\/et_pb_row][et_pb_row _builder_version=&#8220;4.9.2&#8243; _module_preset=&#8220;default&#8220; custom_padding=&#8220;||6px|||&#8220; global_colors_info=&#8220;{}&#8220;][et_pb_column type=&#8220;4_4&#8243; _builder_version=&#8220;4.9.2&#8243; _module_preset=&#8220;default&#8220; global_colors_info=&#8220;{}&#8220;][et_pb_text _builder_version=&#8220;4.9.2&#8243; _module_preset=&#8220;default&#8220; global_colors_info=&#8220;{}&#8220;]<\/p>\n<h3 class=\"H3_28_Bebas\" id=\"u2364843-69\">Haftung f\u00fcr Inhalte<\/h3>\n<p>Als Diensteanbieter sind wir gem\u00e4\u00df \u00a7 7 Abs.1 TMG f\u00fcr eigene Inhalte auf diesen Seiten nach den allgemeinen Gesetzen verantwortlich. Nach \u00a7\u00a7 8 bis 10 TMG sind wir als Diensteanbieter jedoch nicht verpflichtet, \u00fcbermittelte oder gespeicherte fremde Informationen zu \u00fcberwachen oder nach Umst\u00e4nden zu forschen, die auf eine rechtswidrige T\u00e4tigkeit hinweisen.<\/p>\n<p class=\"Text_16_Lato-Regular\">Verpflichtungen zur Entfernung oder Sperrung der Nutzung von Informationen nach den allgemeinen Gesetzen bleiben hiervon unber\u00fchrt. Eine diesbez\u00fcgliche Haftung ist jedoch erst ab dem Zeitpunkt der Kenntnis einer konkreten Rechtsverletzung m\u00f6glich. Bei Bekanntwerden von entsprechenden Rechtsverletzungen werden wir diese Inhalte umgehend entfernen.<\/p>\n<p>&nbsp;<\/p>\n<h3 class=\"H3_28_Bebas\" id=\"u2364843-76\">Haftung f\u00fcr Links<\/h3>\n<p>Unser Angebot enth\u00e4lt Links zu externen Websites Dritter, auf deren Inhalte wir keinen Einfluss haben. Deshalb k\u00f6nnen wir f\u00fcr diese fremden Inhalte auch keine Gew\u00e4hr \u00fcbernehmen. F\u00fcr die Inhalte der verlinkten Seiten ist stets der jeweilige Anbieter oder Betreiber der Seiten verantwortlich. Die verlinkten Seiten wurden zum Zeitpunkt der Verlinkung auf m\u00f6gliche Rechtsverst\u00f6\u00dfe \u00fcberpr\u00fcft. Rechtswidrige Inhalte waren zum Zeitpunkt der Verlinkung nicht erkennbar.<\/p>\n<p>Eine permanente inhaltliche Kontrolle der verlinkten Seiten ist jedoch ohne konkrete Anhaltspunkte einer Rechtsverletzung nicht zumutbar. Bei Bekanntwerden von Rechtsverletzungen werden wir derartige Links umgehend entfernen.<\/p>\n<p>&nbsp;<\/p>\n<h3 class=\"H3_28_Bebas\" id=\"u2364843-83\">Urheberrecht<\/h3>\n<p>Die durch die Seitenbetreiber erstellten Inhalte und Werke auf diesen Seiten unterliegen dem deutschen Urheberrecht. Die Vervielf\u00e4ltigung, Bearbeitung, Verbreitung und jede Art der Verwertung au\u00dferhalb der Grenzen des Urheberrechtes bed\u00fcrfen der schriftlichen Zustimmung des jeweiligen Autors bzw. Erstellers. Downloads und Kopien dieser Seite sind nur f\u00fcr den privaten, nicht kommerziellen Gebrauch gestattet.<\/p>\n<p class=\"Text_16_Lato-Regular\">Soweit die Inhalte auf dieser Seite nicht vom Betreiber erstellt wurden, werden die Urheberrechte Dritter beachtet. Insbesondere werden Inhalte Dritter als solche gekennzeichnet. Sollten Sie trotzdem auf eine Urheberrechtsverletzung aufmerksam werden, bitten wir um einen entsprechenden Hinweis. Bei Bekanntwerden von Rechtsverletzungen werden wir derartige Inhalte umgehend entfernen.<\/p>\n<p class=\"Text_16_Lato-Regular\">Quelle:<span>\u00a0<\/span><a class=\"nonblock\" href=\"https:\/\/www.e-recht24.de\/impressum-generator.html\" target=\"_blank\" rel=\"noopener\"><span class=\"Link_Orange-fett\" id=\"u2364843-89\">https:\/\/www.e-recht24.de\/impressum-generator.html<\/span><\/a><\/p>\n<p>&nbsp;<\/p>\n<h3 class=\"H3_28_Bebas\" id=\"u2364843-94\">4. Datenschutz<\/h3>\n<p class=\"Text_14_Lato---Reg_grau\">Sofern innerhalb des Internetangebotes die M\u00f6glichkeit zur Eingabe pers\u00f6nlicher oder gesch\u00e4ftlicher Daten (E-mail Adressen, Namen, Anschriften) besteht, so erfolgt die Preisgabe dieser Daten an Dritte nur nach erfolgter Genehmigung der entsprechenden Person.<br \/>Weitere Angaben zum Datenschutz finden Sie hier:<\/p>\n<p class=\"Text_14_Lato---Reg_grau\"><a href=\"https:\/\/rhb-design.de\/datenschutz\/\">https:\/\/elektro-fulani.de\/datenschutz\/<\/a><\/p>\n<p>&nbsp;<\/p>\n<h3 class=\"H3_28_Bebas\" id=\"u2364843-102\">5. Keine Abmahnung ohne vorherigen Kontakt:<\/h3>\n<p class=\"Text_14_Lato---Reg_grau\">Sollte der Inhalt oder die Aufmachung dieser Seiten Rechte Dritter oder gesetzliche Bestimmungen verletzen, bitte ich um eine entsprechende Nachricht ohne Kostennote. Die Kostennote einer anwaltlichen Abmahnung ohne vorhergehende Kontaktaufnahme mit mir wird im Sinne der Schadensminderungspflicht als unbegr\u00fcndet zur\u00fcckgewiesen.<\/p>\n<p class=\"Text_14_Lato---Reg_grau\">\n<p class=\"Text_14_Lato---Reg_grau\">\n<h3 class=\"H3_28_Bebas\" id=\"u2364843-107\">6. Rechtswirksamkeit dieses Haftungsausschlusses<\/h3>\n<p>Dieser Haftungsausschluss ist als Teil des Internetangebotes zu betrachten, von dem aus auf diese Seite verwiesen wurde. Sofern Teile oder einzelne Formulierungen dieses Textes der geltenden Rechtslage nicht, nicht mehr oder nicht vollst\u00e4ndig entsprechen sollten, bleiben die \u00fcbrigen Teile des Dokumentes in ihrem Inhalt und ihrer G\u00fcltigkeit davon unber\u00fchrt.<\/p>\n<p>&nbsp;<\/p>\n<p>[\/et_pb_text][et_pb_button button_url=&#8220;https:\/\/elektro-furlani.de\/&#8220; button_text=&#8220;Zur\u00fcck zur Startseite&#8220; _builder_version=&#8220;4.9.4&#8243; _module_preset=&#8220;501c8bae-ea32-46c1-bc69-78ed57c27a0a&#8220; global_colors_info=&#8220;{}&#8220;][\/et_pb_button][\/et_pb_column][\/et_pb_row][\/et_pb_section][et_pb_section fb_built=&#8220;1&#8243; _builder_version=&#8220;4.9.2&#8243; _module_preset=&#8220;default&#8220; custom_padding=&#8220;6px|||||&#8220; global_colors_info=&#8220;{}&#8220;][et_pb_row _builder_version=&#8220;4.9.2&#8243; _module_preset=&#8220;default&#8220; global_colors_info=&#8220;{}&#8220;][et_pb_column type=&#8220;4_4&#8243; _builder_version=&#8220;4.9.2&#8243; _module_preset=&#8220;default&#8220; global_colors_info=&#8220;{}&#8220;][et_pb_divider color=&#8220;#b2b2b2&#8243; _builder_version=&#8220;4.9.2&#8243; _module_preset=&#8220;default&#8220; global_colors_info=&#8220;{}&#8220;][\/et_pb_divider][et_pb_text _builder_version=&#8220;4.9.4&#8243; _module_preset=&#8220;default&#8220; header_4_font=&#8220;|600|||||||&#8220; header_4_font_size=&#8220;20px&#8220; header_4_line_height=&#8220;1.2em&#8220; global_colors_info=&#8220;{}&#8220;]<\/p>\n<h4>Bildnachweis:<\/h4>\n<p>[\/et_pb_text][et_pb_accordion open_toggle_background_color=&#8220;#FFFFFF&#8220; icon_color=&#8220;#CD1619&#8243; use_icon_font_size=&#8220;on&#8220; icon_font_size=&#8220;24px&#8220; _builder_version=&#8220;4.9.4&#8243; _module_preset=&#8220;default&#8220; toggle_font=&#8220;|700|||||||&#8220; box_shadow_style=&#8220;preset1&#8243; global_colors_info=&#8220;{}&#8220;][et_pb_accordion_item title=&#8220;Adobe Stock \u2013 Bildagentur&#8220; open=&#8220;on&#8220; _builder_version=&#8220;4.9.4&#8243; _module_preset=&#8220;default&#8220; body_font_size=&#8220;16px&#8220; global_colors_info=&#8220;{}&#8220; toggle_font_size=&#8220;18px&#8220;]<\/p>\n<p>Benutzte Bilder:<\/p>\n<p>&nbsp;<\/p>\n<table style=\"width: 100%; border-collapse: collapse;\" border=\"1\">\n<tbody>\n<tr>\n<td style=\"width: 33.333333333333336%;\"><strong>Motiv<\/strong><\/td>\n<td style=\"width: 33.333333333333336%;\"><strong>Bildnummer<\/strong><\/td>\n<td style=\"width: 33.333333333333336%;\"><strong>Photograf<\/strong><\/td>\n<\/tr>\n<tr>\n<td style=\"width: 33.333333333333336%;\">Elektriker mit Helm<\/td>\n<td style=\"width: 33.333333333333336%;\"><a href=\"https:\/\/stock.adobe.com\/de\/images\/handsome-cheerful-electrician-repairing-electrical-box-and-using-screwdriver-in-corridor\/225352681\">#225352681<\/a><\/td>\n<td style=\"width: 33.333333333333336%;\"><span>\u00a9 LIGHTFIELD STUDIOS<\/span><\/td>\n<\/tr>\n<tr>\n<td style=\"width: 33.333333333333336%;\">Phasenpr\u00fcfer<\/td>\n<td style=\"width: 33.333333333333336%;\"><a href=\"https:\/\/stock.adobe.com\/de\/images\/hand-of-an-electrician-with-multimeter-probe-at-an-electrical-sw\/60904780\">#60904780<\/a><\/td>\n<td style=\"width: 33.333333333333336%;\"><span>\u00a9 Bacho Foto<\/span><\/td>\n<\/tr>\n<tr>\n<td style=\"width: 33.333333333333336%;\">Tablet-Stromzaehler<\/td>\n<td style=\"width: 33.333333333333336%;\"><a href=\"https:\/\/stock.adobe.com\/de\/images\/close-up-hand-of-engineer-or-electrician-man-working-check-the-electrical-system-with-tablet-at-factory\/396723939\">#396723939<\/a><\/td>\n<td style=\"width: 33.333333333333336%;\"><span>\u00a9 tong2530<\/span><\/td>\n<\/tr>\n<tr>\n<td style=\"width: 33.333333333333336%;\">Electric tools on black wooden backdrop<\/td>\n<td style=\"width: 33.333333333333336%;\"><a href=\"https:\/\/stock.adobe.com\/de\/images\/electric-tools-on-black-wooden-backdrop\/213059620\">#213059620<\/a><\/td>\n<td style=\"width: 33.333333333333336%;\"><span>\u00a9 alexugalek<\/span><\/td>\n<\/tr>\n<tr>\n<td style=\"width: 33.333333333333336%;\">pressingthebutton (Meister mit Azubis)<\/td>\n<td style=\"width: 33.333333333333336%;\"><a href=\"https:\/\/stock.adobe.com\/de\/images\/pressing-the-button\/226089375\">#226089375<\/a><\/td>\n<td style=\"width: 33.333333333333336%;\"><span>\u00a9 auremar<\/span><\/td>\n<\/tr>\n<tr>\n<td style=\"width: 33.333333333333336%;\">Holzbretter mit Werkzeug<\/td>\n<td style=\"width: 33.333333333333336%;\"><a href=\"https:\/\/stock.adobe.com\/de\/images\/electric-tools-on-black-wooden-backdrop\/213059620\">#213059620<\/a><\/td>\n<td style=\"width: 33.333333333333336%;\"><span>\u00a9 alexugalek<\/span><\/td>\n<\/tr>\n<\/tbody>\n<\/table>\n<p>[\/et_pb_accordion_item][et_pb_accordion_item title=&#8220;Archiv Elektro Furlani&#8220; _builder_version=&#8220;4.9.4&#8243; _module_preset=&#8220;default&#8220; global_colors_info=&#8220;{}&#8220; open=&#8220;off&#8220;]<\/p>\n<p>Alle anderen benutzten Bilder sind aus dem Archiv von \u00a9 Elekrto Furlani<\/p>\n<p>Mitarbeiter, Fahrzeuge, Referenzen, etc.\u00a0<\/p>\n<p>[\/et_pb_accordion_item][\/et_pb_accordion][\/et_pb_column][\/et_pb_row][\/et_pb_section][et_pb_section fb_built=&#8220;1&#8243; _builder_version=&#8220;4.9.2&#8243; _module_preset=&#8220;default&#8220; custom_padding=&#8220;6px|||||&#8220; global_colors_info=&#8220;{}&#8220;][et_pb_row _builder_version=&#8220;4.9.2&#8243; _module_preset=&#8220;default&#8220; global_colors_info=&#8220;{}&#8220;][et_pb_column type=&#8220;4_4&#8243; _builder_version=&#8220;4.9.2&#8243; _module_preset=&#8220;default&#8220; global_colors_info=&#8220;{}&#8220;][et_pb_divider color=&#8220;#b2b2b2&#8243; _builder_version=&#8220;4.9.2&#8243; _module_preset=&#8220;default&#8220; global_colors_info=&#8220;{}&#8220;][\/et_pb_divider][et_pb_text _builder_version=&#8220;4.9.2&#8243; _module_preset=&#8220;default&#8220; global_colors_info=&#8220;{}&#8220;]<\/p>\n<h3 class=\"H3_28_Bebas\" id=\"u2364843-113\">KONZEPTION &amp; WEB-DESIGN<\/h3>\n<p><a href=\"https:\/\/digitalesmarketingexperte.de\">DME<\/a><\/p>\n<p><strong>WEBDESIGN<\/strong><br \/><a href=\"https:\/\/rhb-design.de\/\">RHB-DESIGN.de<\/a><\/p>\n<p>[\/et_pb_text][\/et_pb_column][\/et_pb_row][\/et_pb_section]<\/p>\n","protected":false},"excerpt":{"rendered":"<p>IMPRESSUMAngaben gem\u00e4\u00df \u00a7 5 TMG: Elektro FurlaniInhaber: Bruno FurlaniBahnhofstra\u00dfe 26, Rgb.85386 Eching Kontakt:Telefon 089 &#8211; 370 013 10E-Mail info@elektro-furlani.de Umsatzsteuer:Umsatzsteuer-Identifikationsnummergem\u00e4\u00df \u00a727 a Umsatzsteuergesetz: DE208192703 Verantwortlich f\u00fcr den Inhalt nach \u00a7 55 Abs. 2 RStV:Inhaber: Bruno FurlaniBahnhofstra\u00dfe 26, Rgb.85386 EchingDisclaimer Fa. Elektro Furlani aktualisiert und pr\u00fcft die Informationen (Bilder, Texte) auf ihren Webseiten st\u00e4ndig. Eine Haftung [&hellip;]<\/p>\n","protected":false},"author":2,"featured_media":0,"parent":0,"menu_order":0,"comment_status":"closed","ping_status":"closed","template":"","meta":{"_et_pb_use_builder":"on","_et_pb_old_content":"","_et_gb_content_width":"","footnotes":""},"class_list":["post-11","page","type-page","status-publish","hentry"],"_links":{"self":[{"href":"https:\/\/elektro-furlani.de\/index.php\/wp-json\/wp\/v2\/pages\/11","targetHints":{"allow":["GET"]}}],"collection":[{"href":"https:\/\/elektro-furlani.de\/index.php\/wp-json\/wp\/v2\/pages"}],"about":[{"href":"https:\/\/elektro-furlani.de\/index.php\/wp-json\/wp\/v2\/types\/page"}],"author":[{"embeddable":true,"href":"https:\/\/elektro-furlani.de\/index.php\/wp-json\/wp\/v2\/users\/2"}],"replies":[{"embeddable":true,"href":"https:\/\/elektro-furlani.de\/index.php\/wp-json\/wp\/v2\/comments?post=11"}],"version-history":[{"count":23,"href":"https:\/\/elektro-furlani.de\/index.php\/wp-json\/wp\/v2\/pages\/11\/revisions"}],"predecessor-version":[{"id":1096,"href":"https:\/\/elektro-furlani.de\/index.php\/wp-json\/wp\/v2\/pages\/11\/revisions\/1096"}],"wp:attachment":[{"href":"https:\/\/elektro-furlani.de\/index.php\/wp-json\/wp\/v2\/media?parent=11"}],"curies":[{"name":"wp","href":"https:\/\/api.w.org\/{rel}","templated":true}]}}